{"id":19,"date":"2023-08-28T10:42:05","date_gmt":"2023-08-28T08:42:05","guid":{"rendered":"https:\/\/lovebirds.ch\/?page_id=19"},"modified":"2026-03-23T17:24:37","modified_gmt":"2026-03-23T16:24:37","slug":"am-himmel-staht-es-sternli-znacht","status":"publish","type":"page","link":"https:\/\/lovebirds.ch\/","title":{"rendered":"Am Himmel staht es Sternli z\u2019Nacht"},"content":{"rendered":"\n<p class=\"has-text-align-left\">Wer kennt sie nicht, die Gassenhauer wie <em>S\u2019Margritli <\/em>oder <em>\u00dcbre Gotthard fl\u00fcged d Br\u00e4me<\/em> aus den 1940er und 1950er-Jahren! Neu arrangiert wird nostalgisch eine heile Welt beschworen und zum l\u00fcpfigen Amusement eingeladen; die Hits sind unverkennbar, doch sind sie angereichert mit Jazzharmonien und Einfl\u00fcssen aus dem Klezmer. Die S\u00e4ngerin nimmt das Publikum bei der Hand und f\u00fchrt durch die verschiedenen Themenbereiche des Abends wie Liebe und Alkohol, dabei fehlen auch allgemeine Lebensweisheiten nicht. Ein Abend zum Schwelgen und mit Schunkelpotenzial. Mal sehen, ob alle Augen trocken bleiben.<br><br>Mit ihrem Deb\u00fctprogramm Am Himmel staht es Sternli z\u2019Nacht widmen sich Lovebirds dem Schweizer Schlager.<br><\/p>\n\n\n\n<hr class=\"wp-block-separator has-alpha-channel-opacity is-style-wide\"\/>\n\n\n\n<p class=\"has-text-align-center\">Lovebirds<br>Hannah Mehler: Gesang<br>Moritz Roelcke: Klarinette<br>Mario Strebel: Akkordeon, Arrangements<br><br>Charlotte Joss: Dramaturgie, Regie, Ausstattung&nbsp;<\/p>\n\n\n\n<hr class=\"wp-block-separator has-alpha-channel-opacity is-style-wide\"\/>\n\n\n\n<p class=\"has-text-align-center\">Auff\u00fchrungen:<br><br>Fr, 24.4.2026, 19.30&nbsp;h<br>Musik im Gw\u00f6lb<br>Zehntenscheune der Kuhn Rikon AG<br>Neschwilerstrasse 23, 8486 Rikon<\/p>\n\n\n\n<div class=\"wp-block-buttons is-content-justification-center is-layout-flex wp-container-1 wp-block-buttons-is-layout-flex\">\n<div class=\"wp-block-button\"><a class=\"wp-block-button__link has-base-color has-custom-farbe-1-background-color has-text-color has-background wp-element-button\" style=\"border-radius:100px\">Eintritt frei<br>Kollekte<\/a><\/div>\n<\/div>\n\n\n\n<p class=\"has-text-align-center\">*<\/p>\n\n\n\n<p class=\"has-text-align-center\">So, 26.4.2026, 17.00&nbsp;h<br>Keller62<br>R\u00e4mistrasse 62, 8001 Z\u00fcrich<\/p>\n\n\n\n<div class=\"wp-block-buttons is-content-justification-center is-layout-flex wp-container-2 wp-block-buttons-is-layout-flex\">\n<div class=\"wp-block-button\"><a class=\"wp-block-button__link has-base-color has-custom-farbe-1-background-color has-text-color has-background wp-element-button\" href=\"https:\/\/keller62.ch\/programm\" style=\"border-radius:100px\">Tickets an der Abendkasse<br>Reservationen: reservation(at)keller62.ch<\/a><\/div>\n<\/div>\n\n\n\n<p class=\"has-text-align-center\">*<\/p>\n\n\n\n<p class=\"has-text-align-center\"><\/p>\n\n\n\n<hr class=\"wp-block-separator has-alpha-channel-opacity is-style-wide\"\/>\n\n\n\n<figure class=\"wp-block-embed is-type-video is-provider-youtube wp-block-embed-youtube wp-embed-aspect-16-9 wp-has-aspect-ratio\"><div class=\"wp-block-embed__wrapper\">\n<iframe loading=\"lazy\" title=\"Am Himmel staht es Sternli z&#039;Nacht \u2013 Lovebirds\" width=\"500\" height=\"281\" src=\"https:\/\/www.youtube.com\/embed\/k5a-hK_LuE0?feature=oembed\" frameborder=\"0\" allow=\"accelerometer; autoplay; clipboard-write; encrypted-media; gyroscope; picture-in-picture; web-share\" referrerpolicy=\"strict-origin-when-cross-origin\" allowfullscreen><\/iframe>\n<\/div><\/figure>\n\n\n\n<hr class=\"wp-block-separator has-alpha-channel-opacity is-style-wide\"\/>\n\n\n\n<p class=\"has-text-align-center\">Kontakt:<br><br>info[at]lovebirds.ch<\/p>\n\n\n\n<hr class=\"wp-block-separator has-alpha-channel-opacity is-style-wide\"\/>\n","protected":false},"excerpt":{"rendered":"<p>Wer kennt sie nicht, die Gassenhauer wie S\u2019Margritli oder \u00dcbre Gotthard fl\u00fcged d Br\u00e4me aus den 1940er und 1950er-Jahren! Neu arrangiert wird nostalgisch eine heile Welt beschworen und zum l\u00fcpfigen Amusement eingeladen; die Hits sind unverkennbar, doch sind sie angereichert mit Jazzharmonien und Einfl\u00fcssen aus dem Klezmer. Die S\u00e4ngerin nimmt das Publikum bei der Hand [&hellip;]<\/p>\n","protected":false},"author":1,"featured_media":17,"parent":0,"menu_order":0,"comment_status":"closed","ping_status":"closed","template":"","meta":{"footnotes":""},"_links":{"self":[{"href":"https:\/\/lovebirds.ch\/index.php?rest_route=\/wp\/v2\/pages\/19"}],"collection":[{"href":"https:\/\/lovebirds.ch\/index.php?rest_route=\/wp\/v2\/pages"}],"about":[{"href":"https:\/\/lovebirds.ch\/index.php?rest_route=\/wp\/v2\/types\/page"}],"author":[{"embeddable":true,"href":"https:\/\/lovebirds.ch\/index.php?rest_route=\/wp\/v2\/users\/1"}],"replies":[{"embeddable":true,"href":"https:\/\/lovebirds.ch\/index.php?rest_route=%2Fwp%2Fv2%2Fcomments&post=19"}],"version-history":[{"count":62,"href":"https:\/\/lovebirds.ch\/index.php?rest_route=\/wp\/v2\/pages\/19\/revisions"}],"predecessor-version":[{"id":214,"href":"https:\/\/lovebirds.ch\/index.php?rest_route=\/wp\/v2\/pages\/19\/revisions\/214"}],"wp:featuredmedia":[{"embeddable":true,"href":"https:\/\/lovebirds.ch\/index.php?rest_route=\/wp\/v2\/media\/17"}],"wp:attachment":[{"href":"https:\/\/lovebirds.ch\/index.php?rest_route=%2Fwp%2Fv2%2Fmedia&parent=19"}],"curies":[{"name":"wp","href":"https:\/\/api.w.org\/{rel}","templated":true}]}}